{"id":889,"date":"2015-07-02T05:10:48","date_gmt":"2015-07-02T05:10:48","guid":{"rendered":"http:\/\/stylemixthemes.com\/masterstudy\/demo\/?page_id=889"},"modified":"2024-05-05T19:01:30","modified_gmt":"2024-05-05T19:01:30","slug":"conoce-bermar","status":"publish","type":"page","link":"https:\/\/www.colegiobermar.com\/index.php\/conoce-bermar\/","title":{"rendered":"CONOCE BERMAR"},"content":{"rendered":"<p>[vc_row css=&#8221;.vc_custom_1435816078010{margin-bottom: 15px !important;}&#8221;][vc_column width=&#8221;1\/2&#8243;][vc_custom_heading text=&#8221;Te damos la bienvenida a Bermar!&#8221; google_fonts=&#8221;font_family:Montserrat%3Aregular%2C700|font_style:700%20bold%20regular%3A700%3Anormal&#8221; css=&#8221;.vc_custom_1677495149704{margin-top: -8px !important;margin-bottom: 29px !important;}&#8221;][vc_column_text css=&#8221;.vc_custom_1714935684455{margin-bottom: 32px !important;}&#8221;]Somos un Centro de Formaci\u00f3n Profesional Concertado. <strong>Gratuito. Sin matr\u00edculas ni cuotas.<\/strong><\/p>\n<p>Desde 1965 nuestra filosof\u00eda es garantizar la formaci\u00f3n a todos los alumnos para que opten a un futuro ilusionante e ilusionados.<\/p>\n<p>Impartimos dos Ciclos Formativos de Formaci\u00f3n Profesional Inicial (B\u00e1sica):<\/p>\n<ul>\n<li>\n<h3><strong>Servicios Socioculturales (Actividades Dom\u00e9sticas y Limpieza Edificios)<\/strong><\/h3>\n<\/li>\n<\/ul>\n<p>Hacemos tres partes diferenciadas: nutrici\u00f3n y cocina dom\u00e9stica, limpieza y atenci\u00f3n a personas con una dependencia baja.<\/p>\n<p>Las pr\u00e1cticas se realizan en residencias (Caser Residencial, Ariznabarra Domus Vi) donde est\u00e1n obteniendo muy buenos resultados. Hay un porcentaje elevado que consiguen un contrato en periodo vacacional y les sirve de impulso para seguir sus estudios con el ciclo de Auxiliar de Enfermer\u00eda, entre otras.<\/p>\n<ul>\n<li>\n<h3><strong>Servicios Comerciales<\/strong><\/h3>\n<\/li>\n<\/ul>\n<p>Orientado especialmente para trabajos de dependiente, cajero, reponedor, almac\u00e9n, atenci\u00f3n al cliente\u2026<\/p>\n<p>Pr\u00e1cticas siempre en empresas de primer orden (Forum Sport, Tendam: Grupo Cortefiel, BM, Primark, Pepco).<\/p>\n<p><strong>La Formaci\u00f3n Profesional Inicial<\/strong> consta de 2.000 horas en itinerarios de dos a\u00f1os, de las cuales 260 horas (dentro del 2\u00ba a\u00f1o) se realizan en centros de trabajo.<\/p>\n<p>Preferentemente para alumnos de entre 15 y 17 a\u00f1os con un sistema de preferencia establecido por ley.<\/p>\n<p>Con la obtenci\u00f3n del t\u00edtulo se tendr\u00e1 acceso a Ciclos Formativos de Grado Medio y acceso a Bachillerato.[\/vc_column_text][vc_custom_heading text=&#8221;VALORES&#8221; font_container=&#8221;tag:h4|text_align:left&#8221; google_fonts=&#8221;font_family:Montserrat%3Aregular%2C700|font_style:400%20regular%3A400%3Anormal&#8221; css=&#8221;.vc_custom_1677583429218{margin-bottom: 20px !important;}&#8221;][stm_icon_box hover_pos=&#8221;none&#8221; icon_size=&#8221;15&#8243; icon_align=&#8221;left&#8221; icon_width=&#8221;13&#8243; icon_color=&#8221;#eab830&#8243; box_text_color=&#8221;#555555&#8243; css=&#8221;.vc_custom_1677583187375{margin-bottom: 3px !important;padding-top: 0px !important;padding-right: 0px !important;padding-bottom: 0px !important;padding-left: 0px !important;}&#8221; css_icon=&#8221;.vc_custom_1677583187374{padding-left: 3px !important;}&#8221;]Trabajo[\/stm_icon_box][stm_icon_box hover_pos=&#8221;none&#8221; icon_size=&#8221;15&#8243; icon_align=&#8221;left&#8221; icon_width=&#8221;13&#8243; icon_color=&#8221;#eab830&#8243; box_text_color=&#8221;#555555&#8243; css=&#8221;.vc_custom_1677583241392{margin-bottom: 3px !important;padding-top: 0px !important;padding-right: 0px !important;padding-bottom: 0px !important;padding-left: 0px !important;}&#8221; css_icon=&#8221;.vc_custom_1677583241392{padding-left: 3px !important;}&#8221;]Respeto[\/stm_icon_box][stm_icon_box hover_pos=&#8221;none&#8221; icon_size=&#8221;15&#8243; icon_align=&#8221;left&#8221; icon_width=&#8221;13&#8243; icon_color=&#8221;#eab830&#8243; box_text_color=&#8221;#555555&#8243; css=&#8221;.vc_custom_1677583268267{padding-top: 0px !important;padding-right: 0px !important;padding-bottom: 0px !important;padding-left: 0px !important;}&#8221; css_icon=&#8221;.vc_custom_1677583268267{padding-left: 3px !important;}&#8221;]Responsabilidad[\/stm_icon_box][vc_single_image image=&#8221;1623&#8243; img_size=&#8221;full&#8221; css=&#8221;.vc_custom_1677528792940{margin-top: 60px !important;margin-bottom: 24px !important;}&#8221;][\/vc_column][vc_column width=&#8221;1\/2&#8243;][vc_single_image image=&#8221;1611&#8243; img_size=&#8221;full&#8221; css=&#8221;.vc_custom_1677497932911{margin-top: 16px !important;margin-bottom: 88px !important;}&#8221;][vc_tabs interval=&#8221;0&#8243;][vc_tab title=&#8221;Principios&#8221; tab_id=&#8221;8022847c-f888-1&#8243;][vc_column_text css=&#8221;.vc_custom_1677582697485{margin-bottom: 0px !important;padding-bottom: 24px !important;}&#8221;]<\/p>\n<h4><strong>Misi\u00f3n<\/strong><\/h4>\n<p>Nuestra misi\u00f3n es ofrecer alumnado una formaci\u00f3n integral, capacit\u00e1ndolo acad\u00e9mica, social y profesionalmente con la m\u00e1xima profesionalidad y calidad docente siempre atendiendo a la diversidad y desde una perspectiva de igualdad de oportunidades, facilitando la continuidad acad\u00e9mica y la inserci\u00f3n laboral a trav\u00e9s de la colaboraci\u00f3n con centros de trabajo y otras entidades.<\/p>\n<h4><strong>Visi\u00f3n<\/strong><\/h4>\n<p>Nuestro centro aspira a ser un referente educativo, ejemplo de organizaci\u00f3n din\u00e1mica, con un modelo de gesti\u00f3n que coordine e implique a todos los participantes.<\/p>\n<h4><strong>Valores<\/strong><\/h4>\n<p>En Bermar compartimos los siguientes valores:<\/p>\n<ul>\n<li>El respeto a la dignidad y la solidaridad entre todas las personas.<\/li>\n<li>El esfuerzo en el trabajo como medio para la mejora constante.<\/li>\n<li>El di\u00e1logo para la consecuci\u00f3n de criterios comunes.<\/li>\n<\/ul>\n<p>[\/vc_column_text][\/vc_tab][vc_tab title=&#8221;Enviar mensaje&#8221; tab_id=&#8221;1435815668587-2-3&#8243;]\n<div class=\"wpcf7 no-js\" id=\"wpcf7-f817-o1\" lang=\"en-US\" dir=\"ltr\" data-wpcf7-id=\"817\">\n<div class=\"screen-reader-response\"><p role=\"status\" aria-live=\"polite\" aria-atomic=\"true\"><\/p> <ul><\/ul><\/div>\n<form action=\"\/index.php\/wp-json\/wp\/v2\/pages\/889#wpcf7-f817-o1\" method=\"post\" class=\"wpcf7-form init\" aria-label=\"Contact form\" novalidate=\"novalidate\" data-status=\"init\">\n<fieldset class=\"hidden-fields-container\"><input type=\"hidden\" name=\"_wpcf7\" value=\"817\" \/><input type=\"hidden\" name=\"_wpcf7_version\" value=\"6.1\" \/><input type=\"hidden\" name=\"_wpcf7_locale\" value=\"en_US\" \/><input type=\"hidden\" name=\"_wpcf7_unit_tag\" value=\"wpcf7-f817-o1\" \/><input type=\"hidden\" name=\"_wpcf7_container_post\" value=\"0\" \/><input type=\"hidden\" name=\"_wpcf7_posted_data_hash\" value=\"\" \/>\n<\/fieldset>\n<div class=\"row\">\n\t<div class=\"col-xs-12 col-sm-6 col-md-6 col-lg-6\">\n\t\t<div class=\"form-group\">\n\t\t\t<p><span class=\"wpcf7-form-control-wrap\" data-name=\"name\"><input size=\"40\" maxlength=\"400\" class=\"wpcf7-form-control wpcf7-text wpcf7-validates-as-required form-control\" aria-required=\"true\" aria-invalid=\"false\" placeholder=\"Tu nombre\" value=\"\" type=\"text\" name=\"name\" \/><\/span>\n\t\t\t<\/p>\n\t\t<\/div>\n\t<\/div>\n\t<div class=\"col-xs-12 col-sm-6 col-md-6 col-lg-6\">\n\t\t<div class=\"form-group\">\n\t\t\t<p><span class=\"wpcf7-form-control-wrap\" data-name=\"email\"><input size=\"40\" maxlength=\"400\" class=\"wpcf7-form-control wpcf7-email wpcf7-validates-as-required wpcf7-text wpcf7-validates-as-email form-control\" aria-required=\"true\" aria-invalid=\"false\" placeholder=\"Tu Email\" value=\"\" type=\"email\" name=\"email\" \/><\/span>\n\t\t\t<\/p>\n\t\t<\/div>\n\t<\/div>\n<\/div>\n<div class=\"row\">\n\t<div class=\"col-xs-12 col-sm-12 col-md-12 col-lg-12\">\n\t\t<div class=\"form-group\">\n\t\t\t<p><span class=\"wpcf7-form-control-wrap\" data-name=\"message\"><textarea cols=\"40\" rows=\"9\" maxlength=\"2000\" class=\"wpcf7-form-control wpcf7-textarea wpcf7-validates-as-required form-control\" aria-required=\"true\" aria-invalid=\"false\" name=\"message\"><\/textarea><\/span>\n\t\t\t<\/p>\n\t\t<\/div>\n\t<\/div>\n<\/div>\n<div class=\"row\">\n\t<div class=\"col-xs-12 col-sm-12 col-md-12 col-lg-12\">\n\t\t<p><input class=\"wpcf7-form-control wpcf7-submit has-spinner btn btn-default\" type=\"submit\" value=\"Enviar\" \/>\n\t\t<\/p>\n\t<\/div>\n<\/div><p style=\"display: none !important;\" class=\"akismet-fields-container\" data-prefix=\"_wpcf7_ak_\"><label>&#916;<textarea name=\"_wpcf7_ak_hp_textarea\" cols=\"45\" rows=\"8\" maxlength=\"100\"><\/textarea><\/label><input type=\"hidden\" id=\"ak_js_1\" name=\"_wpcf7_ak_js\" value=\"83\"\/><script>document.getElementById( \"ak_js_1\" ).setAttribute( \"value\", ( new Date() ).getTime() );<\/script><\/p><div class=\"wpcf7-response-output\" aria-hidden=\"true\"><\/div>\n<\/form>\n<\/div>\n[\/vc_tab][\/vc_tabs][\/vc_column][\/vc_row][vc_row][vc_column][stm_multy_separator css=&#8221;.vc_custom_1435819083449{margin-bottom: 64px !important;}&#8221;][vc_custom_heading text=&#8221;Certificaciones&#8221; google_fonts=&#8221;font_family:Montserrat%3Aregular%2C700|font_style:700%20bold%20regular%3A700%3Anormal&#8221; css=&#8221;.vc_custom_1677583817835{margin-bottom: 37px !important;}&#8221;][vc_row_inner][vc_column_inner width=&#8221;1\/3&#8243;][stm_certificate title=&#8221;Servicios Socioculturales&#8221; image=&#8221;1490&#8243;][\/vc_column_inner][vc_column_inner width=&#8221;1\/3&#8243;][stm_certificate title=&#8221;Servicios Comerciales&#8221; image=&#8221;1490&#8243;][\/vc_column_inner][vc_column_inner width=&#8221;1\/3&#8243;][stm_certificate title=&#8221;Certificado de la ESO&#8221; image=&#8221;1490&#8243;][\/vc_column_inner][\/vc_row_inner][\/vc_column][\/vc_row][vc_row][vc_column][stm_multy_separator css=&#8221;.vc_custom_1437475130947{margin-bottom: 10px !important;}&#8221;][\/vc_column][\/vc_row][vc_row][vc_column][stm_experts experts_all=&#8221;no&#8221; expert_slides_per_row=&#8221;2&#8243; experts_title=&#8221;Profesorado&#8221;][\/vc_column][\/vc_row]<\/p>\n","protected":false},"excerpt":{"rendered":"<p>[vc_row css=&#8221;.vc_custom_1435816078010{margin-bottom: 15px !important;}&#8221;][vc_column width=&#8221;1\/2&#8243;][vc_custom_heading text=&#8221;Te damos la bienvenida a Bermar!&#8221; google_fonts=&#8221;font_family:Montserrat%3Aregular%2C700|font_style:700%20bold%20regular%3A700%3Anormal&#8221; css=&#8221;.vc_custom_1677495149704{margin-top: -8px !important;margin-bottom: 29px !important;}&#8221;][vc_column_text css=&#8221;.vc_custom_1714935684455{margin-bottom: 32px !important;}&#8221;]Somos un Centro de Formaci\u00f3n Profesional Concertado. Gratuito. Sin matr\u00edculas ni cuotas. Desde 1965 nuestra filosof\u00eda es garantizar la formaci\u00f3n a todos los alumnos para que opten a un futuro ilusionante e ilusionados. Impartimos dos Ciclos [&hellip;]<\/p>\n","protected":false},"author":1,"featured_media":0,"parent":0,"menu_order":0,"comment_status":"closed","ping_status":"closed","template":"","meta":{"pmpro_default_level":"","_monsterinsights_skip_tracking":false,"_monsterinsights_sitenote_active":false,"_monsterinsights_sitenote_note":"","_monsterinsights_sitenote_category":0,"footnotes":""},"class_list":["post-889","page","type-page","status-publish","hentry","pmpro-has-access"],"yoast_head":"<!-- This site is optimized with the Yoast SEO plugin v25.4 - https:\/\/yoast.com\/wordpress\/plugins\/seo\/ -->\n<title>CONOCE BERMAR - Colegio Bermar<\/title>\n<meta name=\"robots\" content=\"index, follow, max-snippet:-1, max-image-preview:large, max-video-preview:-1\" \/>\n<link rel=\"canonical\" href=\"http:\/\/www.colegiobermar.com\/index.php\/conoce-bermar\/\" \/>\n<meta property=\"og:locale\" content=\"en_US\" \/>\n<meta property=\"og:type\" content=\"article\" \/>\n<meta property=\"og:title\" content=\"CONOCE BERMAR - Colegio Bermar\" \/>\n<meta property=\"og:description\" content=\"[vc_row css=&#8221;.vc_custom_1435816078010{margin-bottom: 15px !important;}&#8221;][vc_column width=&#8221;1\/2&#8243;][vc_custom_heading text=&#8221;Te damos la bienvenida a Bermar!&#8221; google_fonts=&#8221;font_family:Montserrat%3Aregular%2C700|font_style:700%20bold%20regular%3A700%3Anormal&#8221; css=&#8221;.vc_custom_1677495149704{margin-top: -8px !important;margin-bottom: 29px !important;}&#8221;][vc_column_text css=&#8221;.vc_custom_1714935684455{margin-bottom: 32px !important;}&#8221;]Somos un Centro de Formaci\u00f3n Profesional Concertado. Gratuito. Sin matr\u00edculas ni cuotas. Desde 1965 nuestra filosof\u00eda es garantizar la formaci\u00f3n a todos los alumnos para que opten a un futuro ilusionante e ilusionados. Impartimos dos Ciclos [&hellip;]\" \/>\n<meta property=\"og:url\" content=\"http:\/\/www.colegiobermar.com\/index.php\/conoce-bermar\/\" \/>\n<meta property=\"og:site_name\" content=\"Colegio Bermar\" \/>\n<meta property=\"article:modified_time\" content=\"2024-05-05T19:01:30+00:00\" \/>\n<meta name=\"twitter:card\" content=\"summary_large_image\" \/>\n<meta name=\"twitter:label1\" content=\"Est. reading time\" \/>\n\t<meta name=\"twitter:data1\" content=\"4 minutes\" \/>\n<script type=\"application\/ld+json\" class=\"yoast-schema-graph\">{\"@context\":\"https:\/\/schema.org\",\"@graph\":[{\"@type\":\"WebPage\",\"@id\":\"http:\/\/www.colegiobermar.com\/index.php\/conoce-bermar\/\",\"url\":\"http:\/\/www.colegiobermar.com\/index.php\/conoce-bermar\/\",\"name\":\"CONOCE BERMAR - Colegio Bermar\",\"isPartOf\":{\"@id\":\"https:\/\/www.colegiobermar.com\/#website\"},\"datePublished\":\"2015-07-02T05:10:48+00:00\",\"dateModified\":\"2024-05-05T19:01:30+00:00\",\"breadcrumb\":{\"@id\":\"http:\/\/www.colegiobermar.com\/index.php\/conoce-bermar\/#breadcrumb\"},\"inLanguage\":\"en-US\",\"potentialAction\":[{\"@type\":\"ReadAction\",\"target\":[\"http:\/\/www.colegiobermar.com\/index.php\/conoce-bermar\/\"]}]},{\"@type\":\"BreadcrumbList\",\"@id\":\"http:\/\/www.colegiobermar.com\/index.php\/conoce-bermar\/#breadcrumb\",\"itemListElement\":[{\"@type\":\"ListItem\",\"position\":1,\"name\":\"Home\",\"item\":\"https:\/\/www.colegiobermar.com\/\"},{\"@type\":\"ListItem\",\"position\":2,\"name\":\"CONOCE BERMAR\"}]},{\"@type\":\"WebSite\",\"@id\":\"https:\/\/www.colegiobermar.com\/#website\",\"url\":\"https:\/\/www.colegiobermar.com\/\",\"name\":\"Colegio Bermar\",\"description\":\"Centro de Formaci\u00f3n Profesional\",\"potentialAction\":[{\"@type\":\"SearchAction\",\"target\":{\"@type\":\"EntryPoint\",\"urlTemplate\":\"https:\/\/www.colegiobermar.com\/?s={search_term_string}\"},\"query-input\":{\"@type\":\"PropertyValueSpecification\",\"valueRequired\":true,\"valueName\":\"search_term_string\"}}],\"inLanguage\":\"en-US\"}]}<\/script>\n<!-- \/ Yoast SEO plugin. -->","yoast_head_json":{"title":"CONOCE BERMAR - Colegio Bermar","robots":{"index":"index","follow":"follow","max-snippet":"max-snippet:-1","max-image-preview":"max-image-preview:large","max-video-preview":"max-video-preview:-1"},"canonical":"http:\/\/www.colegiobermar.com\/index.php\/conoce-bermar\/","og_locale":"en_US","og_type":"article","og_title":"CONOCE BERMAR - Colegio Bermar","og_description":"[vc_row css=&#8221;.vc_custom_1435816078010{margin-bottom: 15px !important;}&#8221;][vc_column width=&#8221;1\/2&#8243;][vc_custom_heading text=&#8221;Te damos la bienvenida a Bermar!&#8221; google_fonts=&#8221;font_family:Montserrat%3Aregular%2C700|font_style:700%20bold%20regular%3A700%3Anormal&#8221; css=&#8221;.vc_custom_1677495149704{margin-top: -8px !important;margin-bottom: 29px !important;}&#8221;][vc_column_text css=&#8221;.vc_custom_1714935684455{margin-bottom: 32px !important;}&#8221;]Somos un Centro de Formaci\u00f3n Profesional Concertado. Gratuito. Sin matr\u00edculas ni cuotas. Desde 1965 nuestra filosof\u00eda es garantizar la formaci\u00f3n a todos los alumnos para que opten a un futuro ilusionante e ilusionados. Impartimos dos Ciclos [&hellip;]","og_url":"http:\/\/www.colegiobermar.com\/index.php\/conoce-bermar\/","og_site_name":"Colegio Bermar","article_modified_time":"2024-05-05T19:01:30+00:00","twitter_card":"summary_large_image","twitter_misc":{"Est. reading time":"4 minutes"},"schema":{"@context":"https:\/\/schema.org","@graph":[{"@type":"WebPage","@id":"http:\/\/www.colegiobermar.com\/index.php\/conoce-bermar\/","url":"http:\/\/www.colegiobermar.com\/index.php\/conoce-bermar\/","name":"CONOCE BERMAR - Colegio Bermar","isPartOf":{"@id":"https:\/\/www.colegiobermar.com\/#website"},"datePublished":"2015-07-02T05:10:48+00:00","dateModified":"2024-05-05T19:01:30+00:00","breadcrumb":{"@id":"http:\/\/www.colegiobermar.com\/index.php\/conoce-bermar\/#breadcrumb"},"inLanguage":"en-US","potentialAction":[{"@type":"ReadAction","target":["http:\/\/www.colegiobermar.com\/index.php\/conoce-bermar\/"]}]},{"@type":"BreadcrumbList","@id":"http:\/\/www.colegiobermar.com\/index.php\/conoce-bermar\/#breadcrumb","itemListElement":[{"@type":"ListItem","position":1,"name":"Home","item":"https:\/\/www.colegiobermar.com\/"},{"@type":"ListItem","position":2,"name":"CONOCE BERMAR"}]},{"@type":"WebSite","@id":"https:\/\/www.colegiobermar.com\/#website","url":"https:\/\/www.colegiobermar.com\/","name":"Colegio Bermar","description":"Centro de Formaci\u00f3n Profesional","potentialAction":[{"@type":"SearchAction","target":{"@type":"EntryPoint","urlTemplate":"https:\/\/www.colegiobermar.com\/?s={search_term_string}"},"query-input":{"@type":"PropertyValueSpecification","valueRequired":true,"valueName":"search_term_string"}}],"inLanguage":"en-US"}]}},"_links":{"self":[{"href":"https:\/\/www.colegiobermar.com\/index.php\/wp-json\/wp\/v2\/pages\/889","targetHints":{"allow":["GET"]}}],"collection":[{"href":"https:\/\/www.colegiobermar.com\/index.php\/wp-json\/wp\/v2\/pages"}],"about":[{"href":"https:\/\/www.colegiobermar.com\/index.php\/wp-json\/wp\/v2\/types\/page"}],"author":[{"embeddable":true,"href":"https:\/\/www.colegiobermar.com\/index.php\/wp-json\/wp\/v2\/users\/1"}],"replies":[{"embeddable":true,"href":"https:\/\/www.colegiobermar.com\/index.php\/wp-json\/wp\/v2\/comments?post=889"}],"version-history":[{"count":20,"href":"https:\/\/www.colegiobermar.com\/index.php\/wp-json\/wp\/v2\/pages\/889\/revisions"}],"predecessor-version":[{"id":2133,"href":"https:\/\/www.colegiobermar.com\/index.php\/wp-json\/wp\/v2\/pages\/889\/revisions\/2133"}],"wp:attachment":[{"href":"https:\/\/www.colegiobermar.com\/index.php\/wp-json\/wp\/v2\/media?parent=889"}],"curies":[{"name":"wp","href":"https:\/\/api.w.org\/{rel}","templated":true}]}}